{"id":672,"date":"2025-02-06T22:29:12","date_gmt":"2025-02-06T21:29:12","guid":{"rendered":"https:\/\/escortbegleiter.de\/?page_id=672"},"modified":"2025-03-11T13:44:16","modified_gmt":"2025-03-11T12:44:16","slug":"callboy-de-francfort","status":"publish","type":"page","link":"https:\/\/escortbegleiter.de\/fr\/callboy-frankfurt\/","title":{"rendered":"Escort boy Francfort"},"content":{"rendered":"<div data-elementor-type=\"wp-page\" data-elementor-id=\"672\" class=\"elementor elementor-672\" data-elementor-post-type=\"page\">\n\t\t\t\t<div class=\"elementor-element elementor-element-384a1508 e-flex e-con-boxed e-con e-parent\" data-id=\"384a1508\" data-element_type=\"container\" data-e-type=\"container\" data-settings=\"{&quot;background_background&quot;:&quot;classic&quot;}\">\n\t\t\t\t\t<div class=\"e-con-inner\">\n\t\t\t\t<div class=\"elementor-element elementor-element-52d9ab2f elementor-widget elementor-widget-text-editor\" data-id=\"52d9ab2f\" data-element_type=\"widget\" data-e-type=\"widget\" data-widget_type=\"text-editor.default\">\n\t\t\t\t<div class=\"elementor-widget-container\">\n\t\t\t\t\t\t\t\t\t<p>Votre escorte \u00e0 Francfort<\/p>\t\t\t\t\t\t\t\t<\/div>\n\t\t\t\t<\/div>\n\t\t\t\t<div class=\"elementor-element elementor-element-7213af46 elementor-widget elementor-widget-text-editor\" data-id=\"7213af46\" data-element_type=\"widget\" data-e-type=\"widget\" data-widget_type=\"text-editor.default\">\n\t\t\t\t<div class=\"elementor-widget-container\">\n\t\t\t\t\t\t\t\t\t<p>Un compagnon discret pour les moments pr\u00e9cieux<\/p>\t\t\t\t\t\t\t\t<\/div>\n\t\t\t\t<\/div>\n\t\t\t\t<div class=\"elementor-element elementor-element-3fa67292 elementor-widget-divider--view-line_icon elementor-view-default elementor-widget-divider--element-align-center elementor-widget elementor-widget-divider\" data-id=\"3fa67292\" data-element_type=\"widget\" data-e-type=\"widget\" data-widget_type=\"divider.default\">\n\t\t\t\t<div class=\"elementor-widget-container\">\n\t\t\t\t\t\t\t<div class=\"elementor-divider\">\n\t\t\t<span class=\"elementor-divider-separator\">\n\t\t\t\t\t\t\t<div class=\"elementor-icon elementor-divider__element\">\n\t\t\t\t\t<svg aria-hidden=\"true\" class=\"e-font-icon-svg e-fas-heart\" viewbox=\"0 0 512 512\" xmlns=\"http:\/\/www.w3.org\/2000\/svg\"><path d=\"M462.3 62.6C407.5 15.9 326 24.3 275.7 76.2L256 96.5l-19.7-20.3C186.1 24.3 104.5 15.9 49.7 62.6c-62.8 53.6-66.1 149.8-9.9 207.9l193.5 199.8c12.5 12.9 32.8 12.9 45.3 0l193.5-199.8c56.3-58.1 53-154.3-9.8-207.9z\"><\/path><\/svg><\/div>\n\t\t\t\t\t\t<\/span>\n\t\t<\/div>\n\t\t\t\t\t\t<\/div>\n\t\t\t\t<\/div>\n\t\t\t\t<div class=\"elementor-element elementor-element-47220330 elementor-widget elementor-widget-text-editor\" data-id=\"47220330\" data-element_type=\"widget\" data-e-type=\"widget\" data-widget_type=\"text-editor.default\">\n\t\t\t\t<div class=\"elementor-widget-container\">\n\t\t\t\t\t\t\t\t\t<p>Je suis Alex<\/p>\t\t\t\t\t\t\t\t<\/div>\n\t\t\t\t<\/div>\n\t\t\t\t<div class=\"elementor-element elementor-element-22087a5d elementor-widget elementor-widget-text-editor\" data-id=\"22087a5d\" data-element_type=\"widget\" data-e-type=\"widget\" data-widget_type=\"text-editor.default\">\n\t\t\t\t<div class=\"elementor-widget-container\">\n\t\t\t\t\t\t\t\t\t<p>callboy<br \/>Francfort<\/p>\t\t\t\t\t\t\t\t<\/div>\n\t\t\t\t<\/div>\n\t\t\t\t<div class=\"elementor-element elementor-element-661ba33b elementor-widget elementor-widget-text-editor\" data-id=\"661ba33b\" data-element_type=\"widget\" data-e-type=\"widget\" data-widget_type=\"text-editor.default\">\n\t\t\t\t<div class=\"elementor-widget-container\">\n\t\t\t\t\t\t\t\t\t<p>Escortes et callboys \u00e0 Francfort pour femmes et couples<\/p>\t\t\t\t\t\t\t\t<\/div>\n\t\t\t\t<\/div>\n\t\t<div class=\"elementor-element elementor-element-45af38a0 e-con-full e-flex e-con e-child\" data-id=\"45af38a0\" data-element_type=\"container\" data-e-type=\"container\">\n\t\t<div class=\"elementor-element elementor-element-e3d3a7e e-con-full e-flex e-con e-child\" data-id=\"e3d3a7e\" data-element_type=\"container\" data-e-type=\"container\">\n\t\t\t\t<div class=\"elementor-element elementor-element-6f85e0f1 elementor-widget elementor-widget-text-editor\" data-id=\"6f85e0f1\" data-element_type=\"widget\" data-e-type=\"widget\" data-widget_type=\"text-editor.default\">\n\t\t\t\t<div class=\"elementor-widget-container\">\n\t\t\t\t\t\t\t\t\t<p>Francfort est synonyme d&#039;\u00e9l\u00e9gance et de dynamisme \u2013 le lieu id\u00e9al pour des rencontres exceptionnelles. Je suis Alex, un escort masculin charismatique et attentionn\u00e9 \u00e0 Francfort, qui sait parfaitement vous offrir une escapade extraordinaire. D\u00eener raffin\u00e9, suite luxueuse ou promenade relaxante le long du Main\u00a0: en ma compagnie, vous vivrez des moments inoubliables. Escort exp\u00e9riment\u00e9 \u00e0 Francfort, je m&#039;adapte \u00e0 vos envies et cr\u00e9e une atmosph\u00e8re d&#039;harmonie et de passion.<\/p>\t\t\t\t\t\t\t\t<\/div>\n\t\t\t\t<\/div>\n\t\t\t\t<\/div>\n\t\t<div class=\"elementor-element elementor-element-55efad7e e-con-full e-flex e-con e-child\" data-id=\"55efad7e\" data-element_type=\"container\" data-e-type=\"container\">\n\t\t\t\t<div class=\"elementor-element elementor-element-384df2ba elementor-widget elementor-widget-image\" data-id=\"384df2ba\" data-element_type=\"widget\" data-e-type=\"widget\" data-widget_type=\"image.default\">\n\t\t\t\t<div class=\"elementor-widget-container\">\n\t\t\t\t\t\t\t\t\t\t\t\t\t\t\t<img fetchpriority=\"high\" decoding=\"async\" width=\"682\" height=\"1024\" src=\"https:\/\/escortbegleiter.de\/wp-content\/uploads\/2025\/02\/PHOTO-2025-01-08-13-33-21-15-682x1024.jpeg\" class=\"attachment-large size-large wp-image-931\" alt=\"\" srcset=\"https:\/\/escortbegleiter.de\/wp-content\/uploads\/2025\/02\/PHOTO-2025-01-08-13-33-21-15-682x1024.jpeg 682w, https:\/\/escortbegleiter.de\/wp-content\/uploads\/2025\/02\/PHOTO-2025-01-08-13-33-21-15-200x300.jpeg 200w, https:\/\/escortbegleiter.de\/wp-content\/uploads\/2025\/02\/PHOTO-2025-01-08-13-33-21-15-768x1153.jpeg 768w, https:\/\/escortbegleiter.de\/wp-content\/uploads\/2025\/02\/PHOTO-2025-01-08-13-33-21-15-1023x1536.jpeg 1023w, https:\/\/escortbegleiter.de\/wp-content\/uploads\/2025\/02\/PHOTO-2025-01-08-13-33-21-15.jpeg 1066w\" sizes=\"(max-width: 682px) 100vw, 682px\" \/>\t\t\t\t\t\t\t\t\t\t\t\t\t\t\t<\/div>\n\t\t\t\t<\/div>\n\t\t\t\t<\/div>\n\t\t\t\t<\/div>\n\t\t\t\t\t<\/div>\n\t\t\t\t<\/div>\n\t\t<div class=\"elementor-element elementor-element-7e24c10 e-flex e-con-boxed e-con e-parent\" data-id=\"7e24c10\" data-element_type=\"container\" data-e-type=\"container\">\n\t\t\t\t\t<div class=\"e-con-inner\">\n\t\t\t\t<div class=\"elementor-element elementor-element-f721d2f elementor-widget elementor-widget-button\" data-id=\"f721d2f\" data-element_type=\"widget\" data-e-type=\"widget\" data-widget_type=\"button.default\">\n\t\t\t\t<div class=\"elementor-widget-container\">\n\t\t\t\t\t\t\t\t\t<div class=\"elementor-button-wrapper\">\n\t\t\t\t\t<a class=\"elementor-button elementor-button-link elementor-size-sm\" href=\"https:\/\/escortbegleiter.de\/fr\/contact\/\">\n\t\t\t\t\t\t<span class=\"elementor-button-content-wrapper\">\n\t\t\t\t\t\t\t\t\t<span class=\"elementor-button-text\">R\u00e9servez maintenant<\/span>\n\t\t\t\t\t<\/span>\n\t\t\t\t\t<\/a>\n\t\t\t\t<\/div>\n\t\t\t\t\t\t\t\t<\/div>\n\t\t\t\t<\/div>\n\t\t\t\t\t<\/div>\n\t\t\t\t<\/div>\n\t\t\t\t<\/div>","protected":false},"excerpt":{"rendered":"<p>Dein Escort Mann in Frankfurt Diskreter Begleiter f\u00fcr besondere Momente Ich bin Alex CallboyFrankfurt Callboy Frankfurt &amp; Escort f\u00fcr sie und Paare Frankfurt steht f\u00fcr Eleganz und Dynamik \u2013 der perfekte Ort f\u00fcr besondere Begegnungen. Ich bin Alex, ein charismatischer und aufmerksamer Callboy in Frankfurt, der genau wei\u00df, wie er Dir eine au\u00dfergew\u00f6hnliche Auszeit schenken [&hellip;]<\/p>\n","protected":false},"author":2,"featured_media":0,"parent":0,"menu_order":0,"comment_status":"closed","ping_status":"closed","template":"","meta":{"footnotes":""},"class_list":["post-672","page","type-page","status-publish","hentry"],"yoast_head":"<!-- This site is optimized with the Yoast SEO Premium plugin v24.5 (Yoast SEO v27.5) - https:\/\/yoast.com\/product\/yoast-seo-premium-wordpress\/ -->\n<title>Callboy Frankfurt \u2013 Dein charismatischer Escort Mann &amp; Begleiter<\/title>\n<meta name=\"description\" content=\"Erlebe mit Callboy Alex in Frankfurt eine stilvolle und unvergessliche Begleitung. Dein Gigolo und Escort M\u00e4nner f\u00fcr exklusive Treffen\" \/>\n<meta name=\"robots\" content=\"index, follow, max-snippet:-1, max-image-preview:large, max-video-preview:-1\" \/>\n<link rel=\"canonical\" href=\"https:\/\/escortbegleiter.de\/fr\/callboy-de-francfort\/\" \/>\n<meta property=\"og:locale\" content=\"fr_FR\" \/>\n<meta property=\"og:type\" content=\"article\" \/>\n<meta property=\"og:title\" content=\"Callboy Frankfurt\" \/>\n<meta property=\"og:description\" content=\"Erlebe mit Callboy Alex in Frankfurt eine stilvolle und unvergessliche Begleitung. Dein Gigolo und Escort M\u00e4nner f\u00fcr exklusive Treffen\" \/>\n<meta property=\"og:url\" content=\"https:\/\/escortbegleiter.de\/fr\/callboy-de-francfort\/\" \/>\n<meta property=\"og:site_name\" content=\"Escort Mann Alex. Escortbegleiter\" \/>\n<meta property=\"article:modified_time\" content=\"2025-03-11T12:44:16+00:00\" \/>\n<meta property=\"og:image\" content=\"https:\/\/escortbegleiter.de\/wp-content\/uploads\/2025\/02\/PHOTO-2025-01-08-13-33-21-15.jpeg\" \/>\n\t<meta property=\"og:image:width\" content=\"1066\" \/>\n\t<meta property=\"og:image:height\" content=\"1600\" \/>\n\t<meta property=\"og:image:type\" content=\"image\/jpeg\" \/>\n<meta name=\"twitter:label1\" content=\"Dur\u00e9e de lecture estim\u00e9e\" \/>\n\t<meta name=\"twitter:data1\" content=\"1 minute\" \/>\n<script type=\"application\/ld+json\" class=\"yoast-schema-graph\">{\"@context\":\"https:\\\/\\\/schema.org\",\"@graph\":[{\"@type\":\"WebPage\",\"@id\":\"https:\\\/\\\/escortbegleiter.de\\\/callboy-frankfurt\\\/\",\"url\":\"https:\\\/\\\/escortbegleiter.de\\\/callboy-frankfurt\\\/\",\"name\":\"Callboy Frankfurt \u2013 Dein charismatischer Escort Mann & Begleiter\",\"isPartOf\":{\"@id\":\"https:\\\/\\\/escortbegleiter.de\\\/#website\"},\"primaryImageOfPage\":{\"@id\":\"https:\\\/\\\/escortbegleiter.de\\\/callboy-frankfurt\\\/#primaryimage\"},\"image\":{\"@id\":\"https:\\\/\\\/escortbegleiter.de\\\/callboy-frankfurt\\\/#primaryimage\"},\"thumbnailUrl\":\"https:\\\/\\\/escortbegleiter.de\\\/wp-content\\\/uploads\\\/2025\\\/02\\\/PHOTO-2025-01-08-13-33-21-15-682x1024.jpeg\",\"datePublished\":\"2025-02-06T21:29:12+00:00\",\"dateModified\":\"2025-03-11T12:44:16+00:00\",\"description\":\"Erlebe mit Callboy Alex in Frankfurt eine stilvolle und unvergessliche Begleitung. Dein Gigolo und Escort M\u00e4nner f\u00fcr exklusive Treffen\",\"breadcrumb\":{\"@id\":\"https:\\\/\\\/escortbegleiter.de\\\/callboy-frankfurt\\\/#breadcrumb\"},\"inLanguage\":\"fr-FR\",\"potentialAction\":[{\"@type\":\"ReadAction\",\"target\":[\"https:\\\/\\\/escortbegleiter.de\\\/callboy-frankfurt\\\/\"]}]},{\"@type\":\"ImageObject\",\"inLanguage\":\"fr-FR\",\"@id\":\"https:\\\/\\\/escortbegleiter.de\\\/callboy-frankfurt\\\/#primaryimage\",\"url\":\"https:\\\/\\\/escortbegleiter.de\\\/wp-content\\\/uploads\\\/2025\\\/02\\\/PHOTO-2025-01-08-13-33-21-15-682x1024.jpeg\",\"contentUrl\":\"https:\\\/\\\/escortbegleiter.de\\\/wp-content\\\/uploads\\\/2025\\\/02\\\/PHOTO-2025-01-08-13-33-21-15-682x1024.jpeg\"},{\"@type\":\"BreadcrumbList\",\"@id\":\"https:\\\/\\\/escortbegleiter.de\\\/callboy-frankfurt\\\/#breadcrumb\",\"itemListElement\":[{\"@type\":\"ListItem\",\"position\":1,\"name\":\"Startseite\",\"item\":\"https:\\\/\\\/escortbegleiter.de\\\/\"},{\"@type\":\"ListItem\",\"position\":2,\"name\":\"Callboy Frankfurt\"}]},{\"@type\":\"WebSite\",\"@id\":\"https:\\\/\\\/escortbegleiter.de\\\/#website\",\"url\":\"https:\\\/\\\/escortbegleiter.de\\\/\",\"name\":\"Escort Mann Alex. Escortbegleiter\",\"description\":\"\",\"publisher\":{\"@id\":\"https:\\\/\\\/escortbegleiter.de\\\/#organization\"},\"potentialAction\":[{\"@type\":\"SearchAction\",\"target\":{\"@type\":\"EntryPoint\",\"urlTemplate\":\"https:\\\/\\\/escortbegleiter.de\\\/?s={search_term_string}\"},\"query-input\":{\"@type\":\"PropertyValueSpecification\",\"valueRequired\":true,\"valueName\":\"search_term_string\"}}],\"inLanguage\":\"fr-FR\"},{\"@type\":\"Organization\",\"@id\":\"https:\\\/\\\/escortbegleiter.de\\\/#organization\",\"name\":\"Escort Mann Alex. Escortbegleiter\",\"url\":\"https:\\\/\\\/escortbegleiter.de\\\/\",\"logo\":{\"@type\":\"ImageObject\",\"inLanguage\":\"fr-FR\",\"@id\":\"https:\\\/\\\/escortbegleiter.de\\\/#\\\/schema\\\/logo\\\/image\\\/\",\"url\":\"https:\\\/\\\/escortbegleiter.de\\\/wp-content\\\/uploads\\\/2025\\\/02\\\/cropped-callboy-logo.png\",\"contentUrl\":\"https:\\\/\\\/escortbegleiter.de\\\/wp-content\\\/uploads\\\/2025\\\/02\\\/cropped-callboy-logo.png\",\"width\":512,\"height\":512,\"caption\":\"Escort Mann Alex. Escortbegleiter\"},\"image\":{\"@id\":\"https:\\\/\\\/escortbegleiter.de\\\/#\\\/schema\\\/logo\\\/image\\\/\"}}]}<\/script>\n<!-- \/ Yoast SEO Premium plugin. -->","yoast_head_json":{"title":"Escorte masculine \u00e0 Francfort \u2013 Votre escorte et compagnon charismatique","description":"Vivez une exp\u00e9rience \u00e9l\u00e9gante et inoubliable en compagnie d&#039;Alex, call-boy \u00e0 Francfort. Votre gigolo et escort pour des rencontres exclusives.","robots":{"index":"index","follow":"follow","max-snippet":"max-snippet:-1","max-image-preview":"max-image-preview:large","max-video-preview":"max-video-preview:-1"},"canonical":"https:\/\/escortbegleiter.de\/fr\/callboy-de-francfort\/","og_locale":"fr_FR","og_type":"article","og_title":"Callboy Frankfurt","og_description":"Erlebe mit Callboy Alex in Frankfurt eine stilvolle und unvergessliche Begleitung. Dein Gigolo und Escort M\u00e4nner f\u00fcr exklusive Treffen","og_url":"https:\/\/escortbegleiter.de\/fr\/callboy-de-francfort\/","og_site_name":"Escort Mann Alex. Escortbegleiter","article_modified_time":"2025-03-11T12:44:16+00:00","og_image":[{"width":1066,"height":1600,"url":"https:\/\/escortbegleiter.de\/wp-content\/uploads\/2025\/02\/PHOTO-2025-01-08-13-33-21-15.jpeg","type":"image\/jpeg"}],"twitter_misc":{"Dur\u00e9e de lecture estim\u00e9e":"1 minute"},"schema":{"@context":"https:\/\/schema.org","@graph":[{"@type":"WebPage","@id":"https:\/\/escortbegleiter.de\/callboy-frankfurt\/","url":"https:\/\/escortbegleiter.de\/callboy-frankfurt\/","name":"Escorte masculine \u00e0 Francfort \u2013 Votre escorte et compagnon charismatique","isPartOf":{"@id":"https:\/\/escortbegleiter.de\/#website"},"primaryImageOfPage":{"@id":"https:\/\/escortbegleiter.de\/callboy-frankfurt\/#primaryimage"},"image":{"@id":"https:\/\/escortbegleiter.de\/callboy-frankfurt\/#primaryimage"},"thumbnailUrl":"https:\/\/escortbegleiter.de\/wp-content\/uploads\/2025\/02\/PHOTO-2025-01-08-13-33-21-15-682x1024.jpeg","datePublished":"2025-02-06T21:29:12+00:00","dateModified":"2025-03-11T12:44:16+00:00","description":"Vivez une exp\u00e9rience \u00e9l\u00e9gante et inoubliable en compagnie d&#039;Alex, call-boy \u00e0 Francfort. Votre gigolo et escort pour des rencontres exclusives.","breadcrumb":{"@id":"https:\/\/escortbegleiter.de\/callboy-frankfurt\/#breadcrumb"},"inLanguage":"fr-FR","potentialAction":[{"@type":"ReadAction","target":["https:\/\/escortbegleiter.de\/callboy-frankfurt\/"]}]},{"@type":"ImageObject","inLanguage":"fr-FR","@id":"https:\/\/escortbegleiter.de\/callboy-frankfurt\/#primaryimage","url":"https:\/\/escortbegleiter.de\/wp-content\/uploads\/2025\/02\/PHOTO-2025-01-08-13-33-21-15-682x1024.jpeg","contentUrl":"https:\/\/escortbegleiter.de\/wp-content\/uploads\/2025\/02\/PHOTO-2025-01-08-13-33-21-15-682x1024.jpeg"},{"@type":"BreadcrumbList","@id":"https:\/\/escortbegleiter.de\/callboy-frankfurt\/#breadcrumb","itemListElement":[{"@type":"ListItem","position":1,"name":"Startseite","item":"https:\/\/escortbegleiter.de\/"},{"@type":"ListItem","position":2,"name":"Callboy Frankfurt"}]},{"@type":"WebSite","@id":"https:\/\/escortbegleiter.de\/#website","url":"https:\/\/escortbegleiter.de\/","name":"Escorte Alex. Accompagnatrice","description":"","publisher":{"@id":"https:\/\/escortbegleiter.de\/#organization"},"potentialAction":[{"@type":"SearchAction","target":{"@type":"EntryPoint","urlTemplate":"https:\/\/escortbegleiter.de\/?s={search_term_string}"},"query-input":{"@type":"PropertyValueSpecification","valueRequired":true,"valueName":"search_term_string"}}],"inLanguage":"fr-FR"},{"@type":"Organization","@id":"https:\/\/escortbegleiter.de\/#organization","name":"Escorte Alex. Accompagnatrice","url":"https:\/\/escortbegleiter.de\/","logo":{"@type":"ImageObject","inLanguage":"fr-FR","@id":"https:\/\/escortbegleiter.de\/#\/schema\/logo\/image\/","url":"https:\/\/escortbegleiter.de\/wp-content\/uploads\/2025\/02\/cropped-callboy-logo.png","contentUrl":"https:\/\/escortbegleiter.de\/wp-content\/uploads\/2025\/02\/cropped-callboy-logo.png","width":512,"height":512,"caption":"Escort Mann Alex. Escortbegleiter"},"image":{"@id":"https:\/\/escortbegleiter.de\/#\/schema\/logo\/image\/"}}]}},"_links":{"self":[{"href":"https:\/\/escortbegleiter.de\/fr\/wp-json\/wp\/v2\/pages\/672","targetHints":{"allow":["GET"]}}],"collection":[{"href":"https:\/\/escortbegleiter.de\/fr\/wp-json\/wp\/v2\/pages"}],"about":[{"href":"https:\/\/escortbegleiter.de\/fr\/wp-json\/wp\/v2\/types\/page"}],"author":[{"embeddable":true,"href":"https:\/\/escortbegleiter.de\/fr\/wp-json\/wp\/v2\/users\/2"}],"replies":[{"embeddable":true,"href":"https:\/\/escortbegleiter.de\/fr\/wp-json\/wp\/v2\/comments?post=672"}],"version-history":[{"count":10,"href":"https:\/\/escortbegleiter.de\/fr\/wp-json\/wp\/v2\/pages\/672\/revisions"}],"predecessor-version":[{"id":1670,"href":"https:\/\/escortbegleiter.de\/fr\/wp-json\/wp\/v2\/pages\/672\/revisions\/1670"}],"wp:attachment":[{"href":"https:\/\/escortbegleiter.de\/fr\/wp-json\/wp\/v2\/media?parent=672"}],"curies":[{"name":"wp","href":"https:\/\/api.w.org\/{rel}","templated":true}]}}