{"id":2419,"date":"2026-04-21T20:03:03","date_gmt":"2026-04-21T18:03:03","guid":{"rendered":"https:\/\/escortbegleiter.de\/?page_id=2419"},"modified":"2026-04-21T20:04:29","modified_gmt":"2026-04-21T18:04:29","slug":"escorte-masculine-france","status":"publish","type":"page","link":"https:\/\/escortbegleiter.de\/fr\/escort-mann-frankreich\/","title":{"rendered":"Escorte masculine France"},"content":{"rendered":"<div data-elementor-type=\"wp-page\" data-elementor-id=\"2419\" class=\"elementor elementor-2419\" data-elementor-post-type=\"page\">\n\t\t\t\t<div class=\"elementor-element elementor-element-28ca3857 e-flex e-con-boxed e-con e-parent\" data-id=\"28ca3857\" data-element_type=\"container\" data-e-type=\"container\">\n\t\t\t\t\t<div class=\"e-con-inner\">\n\t\t\t\t<div class=\"elementor-element elementor-element-69bf2141 elementor-widget elementor-widget-text-editor\" data-id=\"69bf2141\" data-element_type=\"widget\" data-e-type=\"widget\" data-widget_type=\"text-editor.default\">\n\t\t\t\t<div class=\"elementor-widget-container\">\n\t\t\t\t\t\t\t\t\t\n<p><\/p>\n\n\n\n<p><\/p>\n\t\t\t\t\t\t\t\t<\/div>\n\t\t\t\t<\/div>\n\t\t\t\t\t<\/div>\n\t\t\t\t<\/div>\n\t\t<div class=\"elementor-element elementor-element-7de8139 e-flex e-con-boxed e-con e-parent\" data-id=\"7de8139\" data-element_type=\"container\" data-e-type=\"container\">\n\t\t\t\t\t<div class=\"e-con-inner\">\n\t\t\t\t<div class=\"elementor-element elementor-element-debe909 elementor-widget elementor-widget-html\" data-id=\"debe909\" data-element_type=\"widget\" data-e-type=\"widget\" data-widget_type=\"html.default\">\n\t\t\t\t<div class=\"elementor-widget-container\">\n\t\t\t\t\t<!DOCTYPE html>\n<html lang=\"de\">\n<head>\n<meta charset=\"UTF-8\">\n<meta name=\"viewport\" content=\"width=device-width, initial-scale=1.0\">\n\n<title>Escorte masculine en France | Alex \u2013 Gigolo et accompagnateur \u00e0 Paris, Lyon et Nice<\/title>\n\n<meta name=\"description\" content=\"Escorte masculine en France \u2013 Alex est un gigolo \u00e9l\u00e9gant et discret. Disponible \u00e0 Paris, Lyon, Nice, Cannes, Monaco et partout en France. Services d&#039;escorte pour femmes, accompagnement VIP et rencontres exclusives.\">\n\n<style>\nbody {\n    font-family: Arial, sans-serif;\n    background-color: #0f0f0f;\n    color: #ffffff;\n    margin: 0;\n}\n\n.container {\n    max-width: 1000px;\n    margin: auto;\n    padding: 40px 20px;\n}\n\nh1, h2 {\n    color: #d4af37;\n    text-align: center;\n}\n\np {\n    line-height: 1.7;\n}\n\n.hero {\n    text-align: center;\n}\n\n.profile-img {\n    width: 300px;\n    border-radius: 12px;\n    margin-top: 20px;\n}\n\n.box {\n    background: #1a1a1a;\n    padding: 25px;\n    border-radius: 10px;\n    margin: 30px 0;\n}\n\n\/* FAQ Animation *\/\n.faq-item {\n    border-bottom: 1px solid #333;\n    padding: 15px 0;\n    cursor: pointer;\n}\n\n.faq-question {\n    color: #d4af37;\n    font-weight: bold;\n}\n\n.faq-answer {\n    max-height: 0;\n    overflow: hidden;\n    opacity: 0;\n    transition: all 0.5s ease;\n}\n\n.faq-item.active .faq-answer {\n    max-height: 200px;\n    opacity: 1;\n    margin-top: 10px;\n}\n\na.contact-btn {\n    display: inline-block;\n    background: #d4af37;\n    color: #000;\n    padding: 12px 20px;\n    text-decoration: none;\n    font-weight: bold;\n    border-radius: 6px;\n    margin-top: 20px;\n}\n\na.contact-btn:hover {\n    background: #b8962e;\n}\n<\/style>\n\n<\/head>\n\n<body>\n\n<div class=\"container\">\n\n<!-- HERO SEO TEXT -->\n<div class=\"hero\">\n<h1>Escorte masculine en France \u2013 Alex, gigolo \u00e9l\u00e9gant et accompagnateur<\/h1>\n\n<p>\nJe suis Alex, un exclusif <strong>Escorte masculine en France<\/strong> et un accompagnateur discret pour les femmes exigeantes. En tant que gigolo professionnel, je propose des rencontres \u00e9l\u00e9gantes, discr\u00e8tes et raffin\u00e9es dans toute la France, notamment \u00e0 Paris, Lyon, Nice, Cannes et Monaco.\n<\/p>\n\n<img decoding=\"async\" src=\"https:\/\/escortbegleiter.de\/wp-content\/uploads\/2025\/02\/PHOTO-2025-01-08-13-33-21-6.jpg\" alt=\"Escorte Alex France\" class=\"profile-img\">\n\n<br>\n\n<a class=\"contact-btn\" href=\"https:\/\/escortbegleiter.de\/fr\/contact\/\">Contactez-nous d\u00e8s maintenant<\/a>\n<\/div>\n\n<!-- SEO TEXT BLOCK -->\n<div class=\"box\">\n<h2>Escortes et gigolos en France<\/h2>\n\n<p>\nEn tant que personne exp\u00e9riment\u00e9e <strong>Escorte masculine France<\/strong> J&#039;offre des services d&#039;accompagnement haut de gamme aux femmes qui appr\u00e9cient le style, la discr\u00e9tion et l&#039;\u00e9l\u00e9gance. Qu&#039;il s&#039;agisse d&#039;un d\u00eener romantique, d&#039;un \u00e9v\u00e9nement professionnel, d&#039;un voyage ou d&#039;une rencontre priv\u00e9e, j&#039;adapte mes services \u00e0 vos besoins sp\u00e9cifiques.\n<\/p>\n\n<p>\nJe suis comme <strong>Gigolo \u00e0 Paris<\/strong>, Des services d&#039;escortes sont disponibles \u00e0 Lyon, Nice, Cannes et Monaco, ainsi que dans toute la France. Je m&#039;engage \u00e0 vous offrir une exp\u00e9rience exclusive, raffin\u00e9e et discr\u00e8te, sans aucune obligation.\n<\/p>\n<\/div>\n\n<!-- SERVICES SEO -->\n<div class=\"box\">\n<h2>Services exclusifs<\/h2>\n\n<p>\n\u2714 Escorte masculine pour femmes en France<br>\n\u2714 Gigolo pour femmes exigeantes<br>\n\u2714 Escorte pour \u00e9v\u00e9nements et affaires<br>\n\u2714 Compagnon de voyage et de week-end<br>\n\u2714 R\u00e9unions priv\u00e9es discr\u00e8tes<br>\n\u2714 Compagnon \u00e9l\u00e9gant et styl\u00e9\n<\/p>\n<\/div>\n\n<!-- KEYWORDS TEXT BLOCK -->\n<div class=\"box\">\n<h2>Pourquoi Alex ?<\/h2>\n\n<p>\nJ&#039;offre une combinaison de discr\u00e9tion, de charme et de professionnalisme. <strong>Escorte masculine France<\/strong> Je privil\u00e9gie la qualit\u00e9 \u00e0 la quantit\u00e9 et je m&#039;adresse aux femmes qui recherchent un soutien particulier.\n<\/p>\n\n<p>\n\u2714 Multilingue : fran\u00e7ais, allemand et anglais<br>\n\u2714 Disponible partout en France<br>\n\u2714 Luxe et \u00e9l\u00e9gance plut\u00f4t que production de masse<br>\n\u2714 Fiable, soign\u00e9 et respectueux\n<\/p>\n<\/div>\n\n<!-- FAQ -->\n<div class=\"box\">\n<h2>FAQ \u2013 Escortes masculines en France<\/h2>\n\n<div class=\"faq-item\">\n<div class=\"faq-question\">\u00cates-vous disponible partout en France ?<\/div>\n<div class=\"faq-answer\">\nOui, je suis disponible \u00e0 Paris, Lyon, Marseille, Nice, Cannes, Monaco et partout en France.\n<\/div>\n<\/div>\n\n<div class=\"faq-item\">\n<div class=\"faq-question\">La discr\u00e9tion est-elle garantie ?<\/div>\n<div class=\"faq-answer\">\nOui, la discr\u00e9tion et la confidentialit\u00e9 absolues vont de soi.\n<\/div>\n<\/div>\n\n<div class=\"faq-item\">\n<div class=\"faq-question\">Quelles langues parlez-vous ?<\/div>\n<div class=\"faq-answer\">\nJe parle allemand, fran\u00e7ais et anglais.\n<\/div>\n<\/div>\n\n<div class=\"faq-item\">\n<div class=\"faq-question\">Comment puis-je vous contacter ?<\/div>\n<div class=\"faq-answer\">\nVia le formulaire de contact ici\u00a0: <a href=\"https:\/\/escortbegleiter.de\/fr\/contact\/\" style=\"color:#d4af37;\">prendre contact<\/a>\n<\/div>\n<\/div>\n\n<\/div>\n\n\n\n<\/div>\n\n<!-- FAQ SCRIPT -->\n<script>\ndocument.querySelectorAll(\".faq-item\").forEach(item => {\n    item.addEventListener(\"click\", () => {\n        item.classList.toggle(\"active\");\n    });\n});\n<\/script>\n\n<\/body>\n<\/html>\t\t\t\t<\/div>\n\t\t\t\t<\/div>\n\t\t\t\t\t<\/div>\n\t\t\t\t<\/div>\n\t\t\t\t<\/div>","protected":false},"excerpt":{"rendered":"<p>Escort Mann Frankreich | Alex \u2013 Gigolo &#038; Begleiter in Paris, Lyon, Nizza Escort Mann Frankreich \u2013 Alex, stilvoller Gigolo &#038; Begleiter Ich bin Alex, ein exklusiver Escort Mann in Frankreich und diskreter Begleiter f\u00fcr anspruchsvolle Frauen. Als professioneller Gigolo biete ich stilvolle, elegante und diskrete Treffen in ganz Frankreich \u2013 insbesondere in Paris, Lyon, [&hellip;]<\/p>\n","protected":false},"author":2,"featured_media":0,"parent":0,"menu_order":0,"comment_status":"closed","ping_status":"closed","template":"","meta":{"footnotes":""},"class_list":["post-2419","page","type-page","status-publish","hentry"],"yoast_head":"<!-- This site is optimized with the Yoast SEO Premium plugin v24.5 (Yoast SEO v27.4) - https:\/\/yoast.com\/product\/yoast-seo-premium-wordpress\/ -->\n<title>Escort Mann Frankreich - Escort Mann Alex. Escortbegleiter<\/title>\n<meta name=\"robots\" content=\"index, follow, max-snippet:-1, max-image-preview:large, max-video-preview:-1\" \/>\n<link rel=\"canonical\" href=\"https:\/\/escortbegleiter.de\/fr\/escorte-masculine-france\/\" \/>\n<meta property=\"og:locale\" content=\"fr_FR\" \/>\n<meta property=\"og:type\" content=\"article\" \/>\n<meta property=\"og:title\" content=\"Escort Mann Frankreich\" \/>\n<meta property=\"og:description\" content=\"Escort Mann Frankreich | Alex \u2013 Gigolo &#038; Begleiter in Paris, Lyon, Nizza Escort Mann Frankreich \u2013 Alex, stilvoller Gigolo &#038; Begleiter Ich bin Alex, ein exklusiver Escort Mann in Frankreich und diskreter Begleiter f\u00fcr anspruchsvolle Frauen. Als professioneller Gigolo biete ich stilvolle, elegante und diskrete Treffen in ganz Frankreich \u2013 insbesondere in Paris, Lyon, [&hellip;]\" \/>\n<meta property=\"og:url\" content=\"https:\/\/escortbegleiter.de\/fr\/escorte-masculine-france\/\" \/>\n<meta property=\"og:site_name\" content=\"Escort Mann Alex. Escortbegleiter\" \/>\n<meta property=\"article:modified_time\" content=\"2026-04-21T18:04:29+00:00\" \/>\n<meta property=\"og:image\" content=\"https:\/\/escortbegleiter.de\/wp-content\/uploads\/2025\/02\/PHOTO-2025-01-08-13-33-21-6.jpg\" \/>\n<meta name=\"twitter:label1\" content=\"Dur\u00e9e de lecture estim\u00e9e\" \/>\n\t<meta name=\"twitter:data1\" content=\"4 minutes\" \/>\n<script type=\"application\/ld+json\" class=\"yoast-schema-graph\">{\"@context\":\"https:\\\/\\\/schema.org\",\"@graph\":[{\"@type\":\"WebPage\",\"@id\":\"https:\\\/\\\/escortbegleiter.de\\\/escort-mann-frankreich\\\/\",\"url\":\"https:\\\/\\\/escortbegleiter.de\\\/escort-mann-frankreich\\\/\",\"name\":\"Escort Mann Frankreich - Escort Mann Alex. Escortbegleiter\",\"isPartOf\":{\"@id\":\"https:\\\/\\\/escortbegleiter.de\\\/#website\"},\"primaryImageOfPage\":{\"@id\":\"https:\\\/\\\/escortbegleiter.de\\\/escort-mann-frankreich\\\/#primaryimage\"},\"image\":{\"@id\":\"https:\\\/\\\/escortbegleiter.de\\\/escort-mann-frankreich\\\/#primaryimage\"},\"thumbnailUrl\":\"https:\\\/\\\/escortbegleiter.de\\\/wp-content\\\/uploads\\\/2025\\\/02\\\/PHOTO-2025-01-08-13-33-21-6.jpg\",\"datePublished\":\"2026-04-21T18:03:03+00:00\",\"dateModified\":\"2026-04-21T18:04:29+00:00\",\"breadcrumb\":{\"@id\":\"https:\\\/\\\/escortbegleiter.de\\\/escort-mann-frankreich\\\/#breadcrumb\"},\"inLanguage\":\"fr-FR\",\"potentialAction\":[{\"@type\":\"ReadAction\",\"target\":[\"https:\\\/\\\/escortbegleiter.de\\\/escort-mann-frankreich\\\/\"]}]},{\"@type\":\"ImageObject\",\"inLanguage\":\"fr-FR\",\"@id\":\"https:\\\/\\\/escortbegleiter.de\\\/escort-mann-frankreich\\\/#primaryimage\",\"url\":\"https:\\\/\\\/escortbegleiter.de\\\/wp-content\\\/uploads\\\/2025\\\/02\\\/PHOTO-2025-01-08-13-33-21-6.jpg\",\"contentUrl\":\"https:\\\/\\\/escortbegleiter.de\\\/wp-content\\\/uploads\\\/2025\\\/02\\\/PHOTO-2025-01-08-13-33-21-6.jpg\"},{\"@type\":\"BreadcrumbList\",\"@id\":\"https:\\\/\\\/escortbegleiter.de\\\/escort-mann-frankreich\\\/#breadcrumb\",\"itemListElement\":[{\"@type\":\"ListItem\",\"position\":1,\"name\":\"Startseite\",\"item\":\"https:\\\/\\\/escortbegleiter.de\\\/\"},{\"@type\":\"ListItem\",\"position\":2,\"name\":\"Escort Mann Frankreich\"}]},{\"@type\":\"WebSite\",\"@id\":\"https:\\\/\\\/escortbegleiter.de\\\/#website\",\"url\":\"https:\\\/\\\/escortbegleiter.de\\\/\",\"name\":\"Escort Mann Alex. Escortbegleiter\",\"description\":\"\",\"publisher\":{\"@id\":\"https:\\\/\\\/escortbegleiter.de\\\/#organization\"},\"potentialAction\":[{\"@type\":\"SearchAction\",\"target\":{\"@type\":\"EntryPoint\",\"urlTemplate\":\"https:\\\/\\\/escortbegleiter.de\\\/?s={search_term_string}\"},\"query-input\":{\"@type\":\"PropertyValueSpecification\",\"valueRequired\":true,\"valueName\":\"search_term_string\"}}],\"inLanguage\":\"fr-FR\"},{\"@type\":\"Organization\",\"@id\":\"https:\\\/\\\/escortbegleiter.de\\\/#organization\",\"name\":\"Escort Mann Alex. Escortbegleiter\",\"url\":\"https:\\\/\\\/escortbegleiter.de\\\/\",\"logo\":{\"@type\":\"ImageObject\",\"inLanguage\":\"fr-FR\",\"@id\":\"https:\\\/\\\/escortbegleiter.de\\\/#\\\/schema\\\/logo\\\/image\\\/\",\"url\":\"https:\\\/\\\/escortbegleiter.de\\\/wp-content\\\/uploads\\\/2025\\\/02\\\/cropped-callboy-logo.png\",\"contentUrl\":\"https:\\\/\\\/escortbegleiter.de\\\/wp-content\\\/uploads\\\/2025\\\/02\\\/cropped-callboy-logo.png\",\"width\":512,\"height\":512,\"caption\":\"Escort Mann Alex. Escortbegleiter\"},\"image\":{\"@id\":\"https:\\\/\\\/escortbegleiter.de\\\/#\\\/schema\\\/logo\\\/image\\\/\"}}]}<\/script>\n<!-- \/ Yoast SEO Premium plugin. -->","yoast_head_json":{"title":"Escorte masculine en France - Escorte masculine Alex. Accompagnatrice","robots":{"index":"index","follow":"follow","max-snippet":"max-snippet:-1","max-image-preview":"max-image-preview:large","max-video-preview":"max-video-preview:-1"},"canonical":"https:\/\/escortbegleiter.de\/fr\/escorte-masculine-france\/","og_locale":"fr_FR","og_type":"article","og_title":"Escort Mann Frankreich","og_description":"Escort Mann Frankreich | Alex \u2013 Gigolo &#038; Begleiter in Paris, Lyon, Nizza Escort Mann Frankreich \u2013 Alex, stilvoller Gigolo &#038; Begleiter Ich bin Alex, ein exklusiver Escort Mann in Frankreich und diskreter Begleiter f\u00fcr anspruchsvolle Frauen. Als professioneller Gigolo biete ich stilvolle, elegante und diskrete Treffen in ganz Frankreich \u2013 insbesondere in Paris, Lyon, [&hellip;]","og_url":"https:\/\/escortbegleiter.de\/fr\/escorte-masculine-france\/","og_site_name":"Escort Mann Alex. Escortbegleiter","article_modified_time":"2026-04-21T18:04:29+00:00","og_image":[{"url":"https:\/\/escortbegleiter.de\/wp-content\/uploads\/2025\/02\/PHOTO-2025-01-08-13-33-21-6.jpg","type":"","width":"","height":""}],"twitter_misc":{"Dur\u00e9e de lecture estim\u00e9e":"4 minutes"},"schema":{"@context":"https:\/\/schema.org","@graph":[{"@type":"WebPage","@id":"https:\/\/escortbegleiter.de\/escort-mann-frankreich\/","url":"https:\/\/escortbegleiter.de\/escort-mann-frankreich\/","name":"Escorte masculine en France - Escorte masculine Alex. Accompagnatrice","isPartOf":{"@id":"https:\/\/escortbegleiter.de\/#website"},"primaryImageOfPage":{"@id":"https:\/\/escortbegleiter.de\/escort-mann-frankreich\/#primaryimage"},"image":{"@id":"https:\/\/escortbegleiter.de\/escort-mann-frankreich\/#primaryimage"},"thumbnailUrl":"https:\/\/escortbegleiter.de\/wp-content\/uploads\/2025\/02\/PHOTO-2025-01-08-13-33-21-6.jpg","datePublished":"2026-04-21T18:03:03+00:00","dateModified":"2026-04-21T18:04:29+00:00","breadcrumb":{"@id":"https:\/\/escortbegleiter.de\/escort-mann-frankreich\/#breadcrumb"},"inLanguage":"fr-FR","potentialAction":[{"@type":"ReadAction","target":["https:\/\/escortbegleiter.de\/escort-mann-frankreich\/"]}]},{"@type":"ImageObject","inLanguage":"fr-FR","@id":"https:\/\/escortbegleiter.de\/escort-mann-frankreich\/#primaryimage","url":"https:\/\/escortbegleiter.de\/wp-content\/uploads\/2025\/02\/PHOTO-2025-01-08-13-33-21-6.jpg","contentUrl":"https:\/\/escortbegleiter.de\/wp-content\/uploads\/2025\/02\/PHOTO-2025-01-08-13-33-21-6.jpg"},{"@type":"BreadcrumbList","@id":"https:\/\/escortbegleiter.de\/escort-mann-frankreich\/#breadcrumb","itemListElement":[{"@type":"ListItem","position":1,"name":"Startseite","item":"https:\/\/escortbegleiter.de\/"},{"@type":"ListItem","position":2,"name":"Escort Mann Frankreich"}]},{"@type":"WebSite","@id":"https:\/\/escortbegleiter.de\/#website","url":"https:\/\/escortbegleiter.de\/","name":"Escorte Alex. Accompagnatrice","description":"","publisher":{"@id":"https:\/\/escortbegleiter.de\/#organization"},"potentialAction":[{"@type":"SearchAction","target":{"@type":"EntryPoint","urlTemplate":"https:\/\/escortbegleiter.de\/?s={search_term_string}"},"query-input":{"@type":"PropertyValueSpecification","valueRequired":true,"valueName":"search_term_string"}}],"inLanguage":"fr-FR"},{"@type":"Organization","@id":"https:\/\/escortbegleiter.de\/#organization","name":"Escorte Alex. Accompagnatrice","url":"https:\/\/escortbegleiter.de\/","logo":{"@type":"ImageObject","inLanguage":"fr-FR","@id":"https:\/\/escortbegleiter.de\/#\/schema\/logo\/image\/","url":"https:\/\/escortbegleiter.de\/wp-content\/uploads\/2025\/02\/cropped-callboy-logo.png","contentUrl":"https:\/\/escortbegleiter.de\/wp-content\/uploads\/2025\/02\/cropped-callboy-logo.png","width":512,"height":512,"caption":"Escort Mann Alex. Escortbegleiter"},"image":{"@id":"https:\/\/escortbegleiter.de\/#\/schema\/logo\/image\/"}}]}},"_links":{"self":[{"href":"https:\/\/escortbegleiter.de\/fr\/wp-json\/wp\/v2\/pages\/2419","targetHints":{"allow":["GET"]}}],"collection":[{"href":"https:\/\/escortbegleiter.de\/fr\/wp-json\/wp\/v2\/pages"}],"about":[{"href":"https:\/\/escortbegleiter.de\/fr\/wp-json\/wp\/v2\/types\/page"}],"author":[{"embeddable":true,"href":"https:\/\/escortbegleiter.de\/fr\/wp-json\/wp\/v2\/users\/2"}],"replies":[{"embeddable":true,"href":"https:\/\/escortbegleiter.de\/fr\/wp-json\/wp\/v2\/comments?post=2419"}],"version-history":[{"count":5,"href":"https:\/\/escortbegleiter.de\/fr\/wp-json\/wp\/v2\/pages\/2419\/revisions"}],"predecessor-version":[{"id":2424,"href":"https:\/\/escortbegleiter.de\/fr\/wp-json\/wp\/v2\/pages\/2419\/revisions\/2424"}],"wp:attachment":[{"href":"https:\/\/escortbegleiter.de\/fr\/wp-json\/wp\/v2\/media?parent=2419"}],"curies":[{"name":"wp","href":"https:\/\/api.w.org\/{rel}","templated":true}]}}