{"id":692,"date":"2025-02-06T22:35:42","date_gmt":"2025-02-06T21:35:42","guid":{"rendered":"https:\/\/escortbegleiter.de\/?page_id=692"},"modified":"2025-03-11T13:49:43","modified_gmt":"2025-03-11T12:49:43","slug":"prostituto-de-leipzig","status":"publish","type":"page","link":"https:\/\/escortbegleiter.de\/es\/callboy-leipzig\/","title":{"rendered":"Prostituto de Leipzig"},"content":{"rendered":"<div data-elementor-type=\"wp-page\" data-elementor-id=\"692\" class=\"elementor elementor-692\" data-elementor-post-type=\"page\">\n\t\t\t\t<div class=\"elementor-element elementor-element-55b2e0f3 e-flex e-con-boxed e-con e-parent\" data-id=\"55b2e0f3\" data-element_type=\"container\" data-e-type=\"container\" data-settings=\"{&quot;background_background&quot;:&quot;classic&quot;}\">\n\t\t\t\t\t<div class=\"e-con-inner\">\n\t\t\t\t<div class=\"elementor-element elementor-element-380aad63 elementor-widget elementor-widget-text-editor\" data-id=\"380aad63\" data-element_type=\"widget\" data-e-type=\"widget\" data-widget_type=\"text-editor.default\">\n\t\t\t\t<div class=\"elementor-widget-container\">\n\t\t\t\t\t\t\t\t\t<p>Tu acompa\u00f1ante en Leipzig<\/p>\t\t\t\t\t\t\t\t<\/div>\n\t\t\t\t<\/div>\n\t\t\t\t<div class=\"elementor-element elementor-element-60f6acbd elementor-widget elementor-widget-text-editor\" data-id=\"60f6acbd\" data-element_type=\"widget\" data-e-type=\"widget\" data-widget_type=\"text-editor.default\">\n\t\t\t\t<div class=\"elementor-widget-container\">\n\t\t\t\t\t\t\t\t\t<p>Un compa\u00f1ero discreto para momentos especiales.<\/p>\t\t\t\t\t\t\t\t<\/div>\n\t\t\t\t<\/div>\n\t\t\t\t<div class=\"elementor-element elementor-element-7e478bf6 elementor-widget-divider--view-line_icon elementor-view-default elementor-widget-divider--element-align-center elementor-widget elementor-widget-divider\" data-id=\"7e478bf6\" data-element_type=\"widget\" data-e-type=\"widget\" data-widget_type=\"divider.default\">\n\t\t\t\t<div class=\"elementor-widget-container\">\n\t\t\t\t\t\t\t<div class=\"elementor-divider\">\n\t\t\t<span class=\"elementor-divider-separator\">\n\t\t\t\t\t\t\t<div class=\"elementor-icon elementor-divider__element\">\n\t\t\t\t\t<svg aria-hidden=\"true\" class=\"e-font-icon-svg e-fas-heart\" viewbox=\"0 0 512 512\" xmlns=\"http:\/\/www.w3.org\/2000\/svg\"><path d=\"M462.3 62.6C407.5 15.9 326 24.3 275.7 76.2L256 96.5l-19.7-20.3C186.1 24.3 104.5 15.9 49.7 62.6c-62.8 53.6-66.1 149.8-9.9 207.9l193.5 199.8c12.5 12.9 32.8 12.9 45.3 0l193.5-199.8c56.3-58.1 53-154.3-9.8-207.9z\"><\/path><\/svg><\/div>\n\t\t\t\t\t\t<\/span>\n\t\t<\/div>\n\t\t\t\t\t\t<\/div>\n\t\t\t\t<\/div>\n\t\t\t\t<div class=\"elementor-element elementor-element-59ef8dd0 elementor-widget elementor-widget-text-editor\" data-id=\"59ef8dd0\" data-element_type=\"widget\" data-e-type=\"widget\" data-widget_type=\"text-editor.default\">\n\t\t\t\t<div class=\"elementor-widget-container\">\n\t\t\t\t\t\t\t\t\t<p>Soy Alex<\/p>\t\t\t\t\t\t\t\t<\/div>\n\t\t\t\t<\/div>\n\t\t\t\t<div class=\"elementor-element elementor-element-281a4a85 elementor-widget elementor-widget-text-editor\" data-id=\"281a4a85\" data-element_type=\"widget\" data-e-type=\"widget\" data-widget_type=\"text-editor.default\">\n\t\t\t\t<div class=\"elementor-widget-container\">\n\t\t\t\t\t\t\t\t\t<p>Traspunte<br \/>Leipzig<\/p>\t\t\t\t\t\t\t\t<\/div>\n\t\t\t\t<\/div>\n\t\t\t\t<div class=\"elementor-element elementor-element-56d3088e elementor-widget elementor-widget-text-editor\" data-id=\"56d3088e\" data-element_type=\"widget\" data-e-type=\"widget\" data-widget_type=\"text-editor.default\">\n\t\t\t\t<div class=\"elementor-widget-container\">\n\t\t\t\t\t\t\t\t\t<p>Chico de compa\u00f1\u00eda y acompa\u00f1ante en Leipzig para ella y parejas.<\/p>\t\t\t\t\t\t\t\t<\/div>\n\t\t\t\t<\/div>\n\t\t<div class=\"elementor-element elementor-element-21c02d87 e-con-full e-flex e-con e-child\" data-id=\"21c02d87\" data-element_type=\"container\" data-e-type=\"container\">\n\t\t<div class=\"elementor-element elementor-element-2913dec7 e-con-full e-flex e-con e-child\" data-id=\"2913dec7\" data-element_type=\"container\" data-e-type=\"container\">\n\t\t\t\t<div class=\"elementor-element elementor-element-6714faa8 elementor-widget elementor-widget-text-editor\" data-id=\"6714faa8\" data-element_type=\"widget\" data-e-type=\"widget\" data-widget_type=\"text-editor.default\">\n\t\t\t\t<div class=\"elementor-widget-container\">\n\t\t\t\t\t\t\t\t\t<p>Leipzig es vibrante, diversa y llena de personalidad, igual que yo, Alex, tu acompa\u00f1ante en Leipzig. Te ofrezco compa\u00f1\u00eda masculina discreta y elegante que prioriza tus deseos y anhelos. Tanto si buscas una compa\u00f1\u00eda sofisticada como momentos \u00edntimos llenos de cercan\u00eda, como acompa\u00f1ante, estoy aqu\u00ed para ti y te brindar\u00e9 una experiencia inolvidable.<\/p>\t\t\t\t\t\t\t\t<\/div>\n\t\t\t\t<\/div>\n\t\t\t\t<\/div>\n\t\t<div class=\"elementor-element elementor-element-7ac67e9b e-con-full e-flex e-con e-child\" data-id=\"7ac67e9b\" data-element_type=\"container\" data-e-type=\"container\">\n\t\t\t\t<div class=\"elementor-element elementor-element-50caa7ad elementor-widget elementor-widget-image\" data-id=\"50caa7ad\" data-element_type=\"widget\" data-e-type=\"widget\" data-widget_type=\"image.default\">\n\t\t\t\t<div class=\"elementor-widget-container\">\n\t\t\t\t\t\t\t\t\t\t\t\t\t\t\t<img fetchpriority=\"high\" decoding=\"async\" width=\"682\" height=\"1024\" src=\"https:\/\/escortbegleiter.de\/wp-content\/uploads\/2025\/02\/PHOTO-2025-01-08-13-33-21-682x1024.jpeg\" class=\"attachment-large size-large wp-image-924\" alt=\"\" srcset=\"https:\/\/escortbegleiter.de\/wp-content\/uploads\/2025\/02\/PHOTO-2025-01-08-13-33-21-682x1024.jpeg 682w, https:\/\/escortbegleiter.de\/wp-content\/uploads\/2025\/02\/PHOTO-2025-01-08-13-33-21-200x300.jpeg 200w, https:\/\/escortbegleiter.de\/wp-content\/uploads\/2025\/02\/PHOTO-2025-01-08-13-33-21-768x1154.jpeg 768w, https:\/\/escortbegleiter.de\/wp-content\/uploads\/2025\/02\/PHOTO-2025-01-08-13-33-21-1022x1536.jpeg 1022w, https:\/\/escortbegleiter.de\/wp-content\/uploads\/2025\/02\/PHOTO-2025-01-08-13-33-21.jpeg 1065w\" sizes=\"(max-width: 682px) 100vw, 682px\" \/>\t\t\t\t\t\t\t\t\t\t\t\t\t\t\t<\/div>\n\t\t\t\t<\/div>\n\t\t\t\t<\/div>\n\t\t\t\t<\/div>\n\t\t\t\t\t<\/div>\n\t\t\t\t<\/div>\n\t\t<div class=\"elementor-element elementor-element-f302c14 e-flex e-con-boxed e-con e-parent\" data-id=\"f302c14\" data-element_type=\"container\" data-e-type=\"container\">\n\t\t\t\t\t<div class=\"e-con-inner\">\n\t\t\t\t<div class=\"elementor-element elementor-element-af3c23a elementor-widget elementor-widget-button\" data-id=\"af3c23a\" data-element_type=\"widget\" data-e-type=\"widget\" data-widget_type=\"button.default\">\n\t\t\t\t<div class=\"elementor-widget-container\">\n\t\t\t\t\t\t\t\t\t<div class=\"elementor-button-wrapper\">\n\t\t\t\t\t<a class=\"elementor-button elementor-button-link elementor-size-sm\" href=\"https:\/\/escortbegleiter.de\/es\/contacto\/\">\n\t\t\t\t\t\t<span class=\"elementor-button-content-wrapper\">\n\t\t\t\t\t\t\t\t\t<span class=\"elementor-button-text\">Reserva ahora<\/span>\n\t\t\t\t\t<\/span>\n\t\t\t\t\t<\/a>\n\t\t\t\t<\/div>\n\t\t\t\t\t\t\t\t<\/div>\n\t\t\t\t<\/div>\n\t\t\t\t\t<\/div>\n\t\t\t\t<\/div>\n\t\t\t\t<\/div>","protected":false},"excerpt":{"rendered":"<p>Dein Escort Mann in Leipzig Diskreter Begleiter f\u00fcr besondere Momente Ich bin Alex CallboyLeipzig Callboy Leipzig &amp; Escort f\u00fcr sie und Paare Leipzig ist lebendig, vielseitig und voller Charakter \u2013 genau wie ich, Alex, Dein Callboy in Leipzig. Ich biete Dir eine einf\u00fchlsame, stilvolle m\u00e4nnliche Begleitung, die Deine W\u00fcnsche und Sehns\u00fcchte in den Mittelpunkt stellt. [&hellip;]<\/p>\n","protected":false},"author":2,"featured_media":0,"parent":0,"menu_order":0,"comment_status":"closed","ping_status":"closed","template":"","meta":{"footnotes":""},"class_list":["post-692","page","type-page","status-publish","hentry"],"yoast_head":"<!-- This site is optimized with the Yoast SEO Premium plugin v24.5 (Yoast SEO v27.5) - https:\/\/yoast.com\/product\/yoast-seo-premium-wordpress\/ -->\n<title>Callboy Leipzig \u2013 Dein charismatischer Begleiter f\u00fcr stilvolle Treffen<\/title>\n<meta name=\"description\" content=\"Callboy Alex in Leipzig sorgt f\u00fcr exklusive Erlebnisse &amp; leidenschaftliche Begegnungen. Dein Escort Mann f\u00fcr unvergessliche Momente.\" \/>\n<meta name=\"robots\" content=\"index, follow, max-snippet:-1, max-image-preview:large, max-video-preview:-1\" \/>\n<link rel=\"canonical\" href=\"https:\/\/escortbegleiter.de\/es\/prostituto-de-leipzig\/\" \/>\n<meta property=\"og:locale\" content=\"es_ES\" \/>\n<meta property=\"og:type\" content=\"article\" \/>\n<meta property=\"og:title\" content=\"Callboy Leipzig\" \/>\n<meta property=\"og:description\" content=\"Callboy Alex in Leipzig sorgt f\u00fcr exklusive Erlebnisse &amp; leidenschaftliche Begegnungen. Dein Escort Mann f\u00fcr unvergessliche Momente.\" \/>\n<meta property=\"og:url\" content=\"https:\/\/escortbegleiter.de\/es\/prostituto-de-leipzig\/\" \/>\n<meta property=\"og:site_name\" content=\"Escort Mann Alex. Escortbegleiter\" \/>\n<meta property=\"article:modified_time\" content=\"2025-03-11T12:49:43+00:00\" \/>\n<meta property=\"og:image\" content=\"https:\/\/escortbegleiter.de\/wp-content\/uploads\/2025\/02\/PHOTO-2025-01-08-13-33-21.jpeg\" \/>\n\t<meta property=\"og:image:width\" content=\"1065\" \/>\n\t<meta property=\"og:image:height\" content=\"1600\" \/>\n\t<meta property=\"og:image:type\" content=\"image\/jpeg\" \/>\n<meta name=\"twitter:label1\" content=\"Tiempo de lectura\" \/>\n\t<meta name=\"twitter:data1\" content=\"1 minuto\" \/>\n<script type=\"application\/ld+json\" class=\"yoast-schema-graph\">{\"@context\":\"https:\\\/\\\/schema.org\",\"@graph\":[{\"@type\":\"WebPage\",\"@id\":\"https:\\\/\\\/escortbegleiter.de\\\/callboy-leipzig\\\/\",\"url\":\"https:\\\/\\\/escortbegleiter.de\\\/callboy-leipzig\\\/\",\"name\":\"Callboy Leipzig \u2013 Dein charismatischer Begleiter f\u00fcr stilvolle Treffen\",\"isPartOf\":{\"@id\":\"https:\\\/\\\/escortbegleiter.de\\\/#website\"},\"primaryImageOfPage\":{\"@id\":\"https:\\\/\\\/escortbegleiter.de\\\/callboy-leipzig\\\/#primaryimage\"},\"image\":{\"@id\":\"https:\\\/\\\/escortbegleiter.de\\\/callboy-leipzig\\\/#primaryimage\"},\"thumbnailUrl\":\"https:\\\/\\\/escortbegleiter.de\\\/wp-content\\\/uploads\\\/2025\\\/02\\\/PHOTO-2025-01-08-13-33-21-682x1024.jpeg\",\"datePublished\":\"2025-02-06T21:35:42+00:00\",\"dateModified\":\"2025-03-11T12:49:43+00:00\",\"description\":\"Callboy Alex in Leipzig sorgt f\u00fcr exklusive Erlebnisse & leidenschaftliche Begegnungen. Dein Escort Mann f\u00fcr unvergessliche Momente.\",\"breadcrumb\":{\"@id\":\"https:\\\/\\\/escortbegleiter.de\\\/callboy-leipzig\\\/#breadcrumb\"},\"inLanguage\":\"es\",\"potentialAction\":[{\"@type\":\"ReadAction\",\"target\":[\"https:\\\/\\\/escortbegleiter.de\\\/callboy-leipzig\\\/\"]}]},{\"@type\":\"ImageObject\",\"inLanguage\":\"es\",\"@id\":\"https:\\\/\\\/escortbegleiter.de\\\/callboy-leipzig\\\/#primaryimage\",\"url\":\"https:\\\/\\\/escortbegleiter.de\\\/wp-content\\\/uploads\\\/2025\\\/02\\\/PHOTO-2025-01-08-13-33-21-682x1024.jpeg\",\"contentUrl\":\"https:\\\/\\\/escortbegleiter.de\\\/wp-content\\\/uploads\\\/2025\\\/02\\\/PHOTO-2025-01-08-13-33-21-682x1024.jpeg\"},{\"@type\":\"BreadcrumbList\",\"@id\":\"https:\\\/\\\/escortbegleiter.de\\\/callboy-leipzig\\\/#breadcrumb\",\"itemListElement\":[{\"@type\":\"ListItem\",\"position\":1,\"name\":\"Startseite\",\"item\":\"https:\\\/\\\/escortbegleiter.de\\\/\"},{\"@type\":\"ListItem\",\"position\":2,\"name\":\"Callboy Leipzig\"}]},{\"@type\":\"WebSite\",\"@id\":\"https:\\\/\\\/escortbegleiter.de\\\/#website\",\"url\":\"https:\\\/\\\/escortbegleiter.de\\\/\",\"name\":\"Escort Mann Alex. Escortbegleiter\",\"description\":\"\",\"publisher\":{\"@id\":\"https:\\\/\\\/escortbegleiter.de\\\/#organization\"},\"potentialAction\":[{\"@type\":\"SearchAction\",\"target\":{\"@type\":\"EntryPoint\",\"urlTemplate\":\"https:\\\/\\\/escortbegleiter.de\\\/?s={search_term_string}\"},\"query-input\":{\"@type\":\"PropertyValueSpecification\",\"valueRequired\":true,\"valueName\":\"search_term_string\"}}],\"inLanguage\":\"es\"},{\"@type\":\"Organization\",\"@id\":\"https:\\\/\\\/escortbegleiter.de\\\/#organization\",\"name\":\"Escort Mann Alex. Escortbegleiter\",\"url\":\"https:\\\/\\\/escortbegleiter.de\\\/\",\"logo\":{\"@type\":\"ImageObject\",\"inLanguage\":\"es\",\"@id\":\"https:\\\/\\\/escortbegleiter.de\\\/#\\\/schema\\\/logo\\\/image\\\/\",\"url\":\"https:\\\/\\\/escortbegleiter.de\\\/wp-content\\\/uploads\\\/2025\\\/02\\\/cropped-callboy-logo.png\",\"contentUrl\":\"https:\\\/\\\/escortbegleiter.de\\\/wp-content\\\/uploads\\\/2025\\\/02\\\/cropped-callboy-logo.png\",\"width\":512,\"height\":512,\"caption\":\"Escort Mann Alex. Escortbegleiter\"},\"image\":{\"@id\":\"https:\\\/\\\/escortbegleiter.de\\\/#\\\/schema\\\/logo\\\/image\\\/\"}}]}<\/script>\n<!-- \/ Yoast SEO Premium plugin. -->","yoast_head_json":{"title":"Callboy Leipzig \u2013 Tu carism\u00e1tico acompa\u00f1ante para encuentros con estilo","description":"El acompa\u00f1ante Alex en Leipzig ofrece experiencias exclusivas y encuentros apasionados. Tu acompa\u00f1ante ideal para momentos inolvidables.","robots":{"index":"index","follow":"follow","max-snippet":"max-snippet:-1","max-image-preview":"max-image-preview:large","max-video-preview":"max-video-preview:-1"},"canonical":"https:\/\/escortbegleiter.de\/es\/prostituto-de-leipzig\/","og_locale":"es_ES","og_type":"article","og_title":"Callboy Leipzig","og_description":"Callboy Alex in Leipzig sorgt f\u00fcr exklusive Erlebnisse & leidenschaftliche Begegnungen. Dein Escort Mann f\u00fcr unvergessliche Momente.","og_url":"https:\/\/escortbegleiter.de\/es\/prostituto-de-leipzig\/","og_site_name":"Escort Mann Alex. Escortbegleiter","article_modified_time":"2025-03-11T12:49:43+00:00","og_image":[{"width":1065,"height":1600,"url":"https:\/\/escortbegleiter.de\/wp-content\/uploads\/2025\/02\/PHOTO-2025-01-08-13-33-21.jpeg","type":"image\/jpeg"}],"twitter_misc":{"Tiempo de lectura":"1 minuto"},"schema":{"@context":"https:\/\/schema.org","@graph":[{"@type":"WebPage","@id":"https:\/\/escortbegleiter.de\/callboy-leipzig\/","url":"https:\/\/escortbegleiter.de\/callboy-leipzig\/","name":"Callboy Leipzig \u2013 Tu carism\u00e1tico acompa\u00f1ante para encuentros con estilo","isPartOf":{"@id":"https:\/\/escortbegleiter.de\/#website"},"primaryImageOfPage":{"@id":"https:\/\/escortbegleiter.de\/callboy-leipzig\/#primaryimage"},"image":{"@id":"https:\/\/escortbegleiter.de\/callboy-leipzig\/#primaryimage"},"thumbnailUrl":"https:\/\/escortbegleiter.de\/wp-content\/uploads\/2025\/02\/PHOTO-2025-01-08-13-33-21-682x1024.jpeg","datePublished":"2025-02-06T21:35:42+00:00","dateModified":"2025-03-11T12:49:43+00:00","description":"El acompa\u00f1ante Alex en Leipzig ofrece experiencias exclusivas y encuentros apasionados. Tu acompa\u00f1ante ideal para momentos inolvidables.","breadcrumb":{"@id":"https:\/\/escortbegleiter.de\/callboy-leipzig\/#breadcrumb"},"inLanguage":"es","potentialAction":[{"@type":"ReadAction","target":["https:\/\/escortbegleiter.de\/callboy-leipzig\/"]}]},{"@type":"ImageObject","inLanguage":"es","@id":"https:\/\/escortbegleiter.de\/callboy-leipzig\/#primaryimage","url":"https:\/\/escortbegleiter.de\/wp-content\/uploads\/2025\/02\/PHOTO-2025-01-08-13-33-21-682x1024.jpeg","contentUrl":"https:\/\/escortbegleiter.de\/wp-content\/uploads\/2025\/02\/PHOTO-2025-01-08-13-33-21-682x1024.jpeg"},{"@type":"BreadcrumbList","@id":"https:\/\/escortbegleiter.de\/callboy-leipzig\/#breadcrumb","itemListElement":[{"@type":"ListItem","position":1,"name":"Startseite","item":"https:\/\/escortbegleiter.de\/"},{"@type":"ListItem","position":2,"name":"Callboy Leipzig"}]},{"@type":"WebSite","@id":"https:\/\/escortbegleiter.de\/#website","url":"https:\/\/escortbegleiter.de\/","name":"Hombre acompa\u00f1ante Alex. Acompa\u00f1ante","description":"","publisher":{"@id":"https:\/\/escortbegleiter.de\/#organization"},"potentialAction":[{"@type":"SearchAction","target":{"@type":"EntryPoint","urlTemplate":"https:\/\/escortbegleiter.de\/?s={search_term_string}"},"query-input":{"@type":"PropertyValueSpecification","valueRequired":true,"valueName":"search_term_string"}}],"inLanguage":"es"},{"@type":"Organization","@id":"https:\/\/escortbegleiter.de\/#organization","name":"Hombre acompa\u00f1ante Alex. Acompa\u00f1ante","url":"https:\/\/escortbegleiter.de\/","logo":{"@type":"ImageObject","inLanguage":"es","@id":"https:\/\/escortbegleiter.de\/#\/schema\/logo\/image\/","url":"https:\/\/escortbegleiter.de\/wp-content\/uploads\/2025\/02\/cropped-callboy-logo.png","contentUrl":"https:\/\/escortbegleiter.de\/wp-content\/uploads\/2025\/02\/cropped-callboy-logo.png","width":512,"height":512,"caption":"Escort Mann Alex. Escortbegleiter"},"image":{"@id":"https:\/\/escortbegleiter.de\/#\/schema\/logo\/image\/"}}]}},"_links":{"self":[{"href":"https:\/\/escortbegleiter.de\/es\/wp-json\/wp\/v2\/pages\/692","targetHints":{"allow":["GET"]}}],"collection":[{"href":"https:\/\/escortbegleiter.de\/es\/wp-json\/wp\/v2\/pages"}],"about":[{"href":"https:\/\/escortbegleiter.de\/es\/wp-json\/wp\/v2\/types\/page"}],"author":[{"embeddable":true,"href":"https:\/\/escortbegleiter.de\/es\/wp-json\/wp\/v2\/users\/2"}],"replies":[{"embeddable":true,"href":"https:\/\/escortbegleiter.de\/es\/wp-json\/wp\/v2\/comments?post=692"}],"version-history":[{"count":10,"href":"https:\/\/escortbegleiter.de\/es\/wp-json\/wp\/v2\/pages\/692\/revisions"}],"predecessor-version":[{"id":1685,"href":"https:\/\/escortbegleiter.de\/es\/wp-json\/wp\/v2\/pages\/692\/revisions\/1685"}],"wp:attachment":[{"href":"https:\/\/escortbegleiter.de\/es\/wp-json\/wp\/v2\/media?parent=692"}],"curies":[{"name":"wp","href":"https:\/\/api.w.org\/{rel}","templated":true}]}}