{"id":682,"date":"2025-02-06T22:32:41","date_gmt":"2025-02-06T21:32:41","guid":{"rendered":"https:\/\/escortbegleiter.de\/?page_id=682"},"modified":"2025-03-11T13:42:41","modified_gmt":"2025-03-11T12:42:41","slug":"gigolo-de-dortmund","status":"publish","type":"page","link":"https:\/\/escortbegleiter.de\/es\/callboy-dortmund\/","title":{"rendered":"Prostituto de Dortmund"},"content":{"rendered":"<div data-elementor-type=\"wp-page\" data-elementor-id=\"682\" class=\"elementor elementor-682\" data-elementor-post-type=\"page\">\n\t\t\t\t<div class=\"elementor-element elementor-element-40633cd5 e-flex e-con-boxed e-con e-parent\" data-id=\"40633cd5\" data-element_type=\"container\" data-e-type=\"container\" data-settings=\"{&quot;background_background&quot;:&quot;classic&quot;}\">\n\t\t\t\t\t<div class=\"e-con-inner\">\n\t\t\t\t<div class=\"elementor-element elementor-element-39da76d1 elementor-widget elementor-widget-text-editor\" data-id=\"39da76d1\" data-element_type=\"widget\" data-e-type=\"widget\" data-widget_type=\"text-editor.default\">\n\t\t\t\t<div class=\"elementor-widget-container\">\n\t\t\t\t\t\t\t\t\t<p>Tu acompa\u00f1ante en Dortmund<\/p>\t\t\t\t\t\t\t\t<\/div>\n\t\t\t\t<\/div>\n\t\t\t\t<div class=\"elementor-element elementor-element-2882083f elementor-widget elementor-widget-text-editor\" data-id=\"2882083f\" data-element_type=\"widget\" data-e-type=\"widget\" data-widget_type=\"text-editor.default\">\n\t\t\t\t<div class=\"elementor-widget-container\">\n\t\t\t\t\t\t\t\t\t<p>Un compa\u00f1ero discreto para momentos especiales.<\/p>\t\t\t\t\t\t\t\t<\/div>\n\t\t\t\t<\/div>\n\t\t\t\t<div class=\"elementor-element elementor-element-ec09d06 elementor-widget-divider--view-line_icon elementor-view-default elementor-widget-divider--element-align-center elementor-widget elementor-widget-divider\" data-id=\"ec09d06\" data-element_type=\"widget\" data-e-type=\"widget\" data-widget_type=\"divider.default\">\n\t\t\t\t<div class=\"elementor-widget-container\">\n\t\t\t\t\t\t\t<div class=\"elementor-divider\">\n\t\t\t<span class=\"elementor-divider-separator\">\n\t\t\t\t\t\t\t<div class=\"elementor-icon elementor-divider__element\">\n\t\t\t\t\t<svg aria-hidden=\"true\" class=\"e-font-icon-svg e-fas-heart\" viewbox=\"0 0 512 512\" xmlns=\"http:\/\/www.w3.org\/2000\/svg\"><path d=\"M462.3 62.6C407.5 15.9 326 24.3 275.7 76.2L256 96.5l-19.7-20.3C186.1 24.3 104.5 15.9 49.7 62.6c-62.8 53.6-66.1 149.8-9.9 207.9l193.5 199.8c12.5 12.9 32.8 12.9 45.3 0l193.5-199.8c56.3-58.1 53-154.3-9.8-207.9z\"><\/path><\/svg><\/div>\n\t\t\t\t\t\t<\/span>\n\t\t<\/div>\n\t\t\t\t\t\t<\/div>\n\t\t\t\t<\/div>\n\t\t\t\t<div class=\"elementor-element elementor-element-66130012 elementor-widget elementor-widget-text-editor\" data-id=\"66130012\" data-element_type=\"widget\" data-e-type=\"widget\" data-widget_type=\"text-editor.default\">\n\t\t\t\t<div class=\"elementor-widget-container\">\n\t\t\t\t\t\t\t\t\t<p>Soy Alex<\/p>\t\t\t\t\t\t\t\t<\/div>\n\t\t\t\t<\/div>\n\t\t\t\t<div class=\"elementor-element elementor-element-12354432 elementor-widget elementor-widget-text-editor\" data-id=\"12354432\" data-element_type=\"widget\" data-e-type=\"widget\" data-widget_type=\"text-editor.default\">\n\t\t\t\t<div class=\"elementor-widget-container\">\n\t\t\t\t\t\t\t\t\t<p>Traspunte<br \/>Dortmund<\/p>\t\t\t\t\t\t\t\t<\/div>\n\t\t\t\t<\/div>\n\t\t\t\t<div class=\"elementor-element elementor-element-466bb7d0 elementor-widget elementor-widget-text-editor\" data-id=\"466bb7d0\" data-element_type=\"widget\" data-e-type=\"widget\" data-widget_type=\"text-editor.default\">\n\t\t\t\t<div class=\"elementor-widget-container\">\n\t\t\t\t\t\t\t\t\t<p>Callboy Dortmund y acompa\u00f1ante para ella y parejas<\/p>\t\t\t\t\t\t\t\t<\/div>\n\t\t\t\t<\/div>\n\t\t<div class=\"elementor-element elementor-element-19ce0ada e-con-full e-flex e-con e-child\" data-id=\"19ce0ada\" data-element_type=\"container\" data-e-type=\"container\">\n\t\t<div class=\"elementor-element elementor-element-54d06d08 e-con-full e-flex e-con e-child\" data-id=\"54d06d08\" data-element_type=\"container\" data-e-type=\"container\">\n\t\t\t\t<div class=\"elementor-element elementor-element-2a39154d elementor-widget elementor-widget-text-editor\" data-id=\"2a39154d\" data-element_type=\"widget\" data-e-type=\"widget\" data-widget_type=\"text-editor.default\">\n\t\t\t\t<div class=\"elementor-widget-container\">\n\t\t\t\t\t\t\t\t\t<p>Dortmund rebosa energ\u00eda, igual que nuestro tiempo juntos. Soy Alex, tu acompa\u00f1ante en Dortmund, y me asegurar\u00e9 de que nuestro encuentro sea inolvidable. Tanto si buscas una conversaci\u00f3n sofisticada, un acompa\u00f1ante elegante para un evento o momentos sensuales, como escort, entiendo lo que buscas y te brindar\u00e9 la experiencia especial que mereces.<\/p>\t\t\t\t\t\t\t\t<\/div>\n\t\t\t\t<\/div>\n\t\t\t\t<\/div>\n\t\t<div class=\"elementor-element elementor-element-65825e80 e-con-full e-flex e-con e-child\" data-id=\"65825e80\" data-element_type=\"container\" data-e-type=\"container\">\n\t\t\t\t<div class=\"elementor-element elementor-element-3c51d2fd elementor-widget elementor-widget-image\" data-id=\"3c51d2fd\" data-element_type=\"widget\" data-e-type=\"widget\" data-widget_type=\"image.default\">\n\t\t\t\t<div class=\"elementor-widget-container\">\n\t\t\t\t\t\t\t\t\t\t\t\t\t\t\t<img fetchpriority=\"high\" decoding=\"async\" width=\"682\" height=\"1024\" src=\"https:\/\/escortbegleiter.de\/wp-content\/uploads\/2025\/02\/PHOTO-2025-01-08-13-33-21-2-682x1024.jpeg\" class=\"attachment-large size-large wp-image-932\" alt=\"\" srcset=\"https:\/\/escortbegleiter.de\/wp-content\/uploads\/2025\/02\/PHOTO-2025-01-08-13-33-21-2-682x1024.jpeg 682w, https:\/\/escortbegleiter.de\/wp-content\/uploads\/2025\/02\/PHOTO-2025-01-08-13-33-21-2-200x300.jpeg 200w, https:\/\/escortbegleiter.de\/wp-content\/uploads\/2025\/02\/PHOTO-2025-01-08-13-33-21-2-768x1154.jpeg 768w, https:\/\/escortbegleiter.de\/wp-content\/uploads\/2025\/02\/PHOTO-2025-01-08-13-33-21-2-1022x1536.jpeg 1022w, https:\/\/escortbegleiter.de\/wp-content\/uploads\/2025\/02\/PHOTO-2025-01-08-13-33-21-2.jpeg 1065w\" sizes=\"(max-width: 682px) 100vw, 682px\" \/>\t\t\t\t\t\t\t\t\t\t\t\t\t\t\t<\/div>\n\t\t\t\t<\/div>\n\t\t\t\t<\/div>\n\t\t\t\t<\/div>\n\t\t\t\t\t<\/div>\n\t\t\t\t<\/div>\n\t\t<div class=\"elementor-element elementor-element-988da08 e-flex e-con-boxed e-con e-parent\" data-id=\"988da08\" data-element_type=\"container\" data-e-type=\"container\">\n\t\t\t\t\t<div class=\"e-con-inner\">\n\t\t\t\t<div class=\"elementor-element elementor-element-bc25c9b elementor-widget elementor-widget-button\" data-id=\"bc25c9b\" data-element_type=\"widget\" data-e-type=\"widget\" data-widget_type=\"button.default\">\n\t\t\t\t<div class=\"elementor-widget-container\">\n\t\t\t\t\t\t\t\t\t<div class=\"elementor-button-wrapper\">\n\t\t\t\t\t<a class=\"elementor-button elementor-button-link elementor-size-sm\" href=\"https:\/\/escortbegleiter.de\/es\/contacto\/\">\n\t\t\t\t\t\t<span class=\"elementor-button-content-wrapper\">\n\t\t\t\t\t\t\t\t\t<span class=\"elementor-button-text\">Reserva ahora<\/span>\n\t\t\t\t\t<\/span>\n\t\t\t\t\t<\/a>\n\t\t\t\t<\/div>\n\t\t\t\t\t\t\t\t<\/div>\n\t\t\t\t<\/div>\n\t\t\t\t\t<\/div>\n\t\t\t\t<\/div>\n\t\t\t\t<\/div>","protected":false},"excerpt":{"rendered":"<p>Dein Escort Mann in Dortmund Diskreter Begleiter f\u00fcr besondere Momente Ich bin Alex CallboyDortmund Callboy Dortmund &amp; Escort f\u00fcr sie und Paare Dortmund ist voller Energie \u2013 genauso wie unsere gemeinsame Zeit. Ich bin Alex, Dein Callboy in Dortmund, und sorge daf\u00fcr, dass unsere Begegnung unvergesslich wird. Ob niveauvolle Gespr\u00e4che, eine kultivierte Begleitung zu einem [&hellip;]<\/p>\n","protected":false},"author":2,"featured_media":0,"parent":0,"menu_order":0,"comment_status":"closed","ping_status":"closed","template":"","meta":{"footnotes":""},"class_list":["post-682","page","type-page","status-publish","hentry"],"yoast_head":"<!-- This site is optimized with the Yoast SEO Premium plugin v24.5 (Yoast SEO v27.5) - https:\/\/yoast.com\/product\/yoast-seo-premium-wordpress\/ -->\n<title>Callboy Dortmund \u2013 Dein erfahrener Escort Mann<\/title>\n<meta name=\"description\" content=\"Callboy Alex in Dortmund genie\u00dft Du eine Begleitung &amp; exklusive Treffen. Dein m\u00e4nnlicher Begleiter, Gigolo und Escort M\u00e4nner in Dortmund\" \/>\n<meta name=\"robots\" content=\"index, follow, max-snippet:-1, max-image-preview:large, max-video-preview:-1\" \/>\n<link rel=\"canonical\" href=\"https:\/\/escortbegleiter.de\/es\/gigolo-de-dortmund\/\" \/>\n<meta property=\"og:locale\" content=\"es_ES\" \/>\n<meta property=\"og:type\" content=\"article\" \/>\n<meta property=\"og:title\" content=\"Callboy Dortmund\" \/>\n<meta property=\"og:description\" content=\"Callboy Alex in Dortmund genie\u00dft Du eine Begleitung &amp; exklusive Treffen. Dein m\u00e4nnlicher Begleiter, Gigolo und Escort M\u00e4nner in Dortmund\" \/>\n<meta property=\"og:url\" content=\"https:\/\/escortbegleiter.de\/es\/gigolo-de-dortmund\/\" \/>\n<meta property=\"og:site_name\" content=\"Escort Mann Alex. Escortbegleiter\" \/>\n<meta property=\"article:modified_time\" content=\"2025-03-11T12:42:41+00:00\" \/>\n<meta property=\"og:image\" content=\"https:\/\/escortbegleiter.de\/wp-content\/uploads\/2025\/02\/PHOTO-2025-01-08-13-33-21-2.jpeg\" \/>\n\t<meta property=\"og:image:width\" content=\"1065\" \/>\n\t<meta property=\"og:image:height\" content=\"1600\" \/>\n\t<meta property=\"og:image:type\" content=\"image\/jpeg\" \/>\n<meta name=\"twitter:label1\" content=\"Tiempo de lectura\" \/>\n\t<meta name=\"twitter:data1\" content=\"1 minuto\" \/>\n<script type=\"application\/ld+json\" class=\"yoast-schema-graph\">{\"@context\":\"https:\\\/\\\/schema.org\",\"@graph\":[{\"@type\":\"WebPage\",\"@id\":\"https:\\\/\\\/escortbegleiter.de\\\/callboy-dortmund\\\/\",\"url\":\"https:\\\/\\\/escortbegleiter.de\\\/callboy-dortmund\\\/\",\"name\":\"Callboy Dortmund \u2013 Dein erfahrener Escort Mann\",\"isPartOf\":{\"@id\":\"https:\\\/\\\/escortbegleiter.de\\\/#website\"},\"primaryImageOfPage\":{\"@id\":\"https:\\\/\\\/escortbegleiter.de\\\/callboy-dortmund\\\/#primaryimage\"},\"image\":{\"@id\":\"https:\\\/\\\/escortbegleiter.de\\\/callboy-dortmund\\\/#primaryimage\"},\"thumbnailUrl\":\"https:\\\/\\\/escortbegleiter.de\\\/wp-content\\\/uploads\\\/2025\\\/02\\\/PHOTO-2025-01-08-13-33-21-2-682x1024.jpeg\",\"datePublished\":\"2025-02-06T21:32:41+00:00\",\"dateModified\":\"2025-03-11T12:42:41+00:00\",\"description\":\"Callboy Alex in Dortmund genie\u00dft Du eine Begleitung & exklusive Treffen. Dein m\u00e4nnlicher Begleiter, Gigolo und Escort M\u00e4nner in Dortmund\",\"breadcrumb\":{\"@id\":\"https:\\\/\\\/escortbegleiter.de\\\/callboy-dortmund\\\/#breadcrumb\"},\"inLanguage\":\"es\",\"potentialAction\":[{\"@type\":\"ReadAction\",\"target\":[\"https:\\\/\\\/escortbegleiter.de\\\/callboy-dortmund\\\/\"]}]},{\"@type\":\"ImageObject\",\"inLanguage\":\"es\",\"@id\":\"https:\\\/\\\/escortbegleiter.de\\\/callboy-dortmund\\\/#primaryimage\",\"url\":\"https:\\\/\\\/escortbegleiter.de\\\/wp-content\\\/uploads\\\/2025\\\/02\\\/PHOTO-2025-01-08-13-33-21-2-682x1024.jpeg\",\"contentUrl\":\"https:\\\/\\\/escortbegleiter.de\\\/wp-content\\\/uploads\\\/2025\\\/02\\\/PHOTO-2025-01-08-13-33-21-2-682x1024.jpeg\"},{\"@type\":\"BreadcrumbList\",\"@id\":\"https:\\\/\\\/escortbegleiter.de\\\/callboy-dortmund\\\/#breadcrumb\",\"itemListElement\":[{\"@type\":\"ListItem\",\"position\":1,\"name\":\"Startseite\",\"item\":\"https:\\\/\\\/escortbegleiter.de\\\/\"},{\"@type\":\"ListItem\",\"position\":2,\"name\":\"Callboy Dortmund\"}]},{\"@type\":\"WebSite\",\"@id\":\"https:\\\/\\\/escortbegleiter.de\\\/#website\",\"url\":\"https:\\\/\\\/escortbegleiter.de\\\/\",\"name\":\"Escort Mann Alex. Escortbegleiter\",\"description\":\"\",\"publisher\":{\"@id\":\"https:\\\/\\\/escortbegleiter.de\\\/#organization\"},\"potentialAction\":[{\"@type\":\"SearchAction\",\"target\":{\"@type\":\"EntryPoint\",\"urlTemplate\":\"https:\\\/\\\/escortbegleiter.de\\\/?s={search_term_string}\"},\"query-input\":{\"@type\":\"PropertyValueSpecification\",\"valueRequired\":true,\"valueName\":\"search_term_string\"}}],\"inLanguage\":\"es\"},{\"@type\":\"Organization\",\"@id\":\"https:\\\/\\\/escortbegleiter.de\\\/#organization\",\"name\":\"Escort Mann Alex. Escortbegleiter\",\"url\":\"https:\\\/\\\/escortbegleiter.de\\\/\",\"logo\":{\"@type\":\"ImageObject\",\"inLanguage\":\"es\",\"@id\":\"https:\\\/\\\/escortbegleiter.de\\\/#\\\/schema\\\/logo\\\/image\\\/\",\"url\":\"https:\\\/\\\/escortbegleiter.de\\\/wp-content\\\/uploads\\\/2025\\\/02\\\/cropped-callboy-logo.png\",\"contentUrl\":\"https:\\\/\\\/escortbegleiter.de\\\/wp-content\\\/uploads\\\/2025\\\/02\\\/cropped-callboy-logo.png\",\"width\":512,\"height\":512,\"caption\":\"Escort Mann Alex. Escortbegleiter\"},\"image\":{\"@id\":\"https:\\\/\\\/escortbegleiter.de\\\/#\\\/schema\\\/logo\\\/image\\\/\"}}]}<\/script>\n<!-- \/ Yoast SEO Premium plugin. -->","yoast_head_json":{"title":"Callboy Dortmund \u2013 Su acompa\u00f1ante masculino experimentado","description":"Alex, gigol\u00f3 y acompa\u00f1ante masculino en Dortmund, ofrece compa\u00f1\u00eda y encuentros exclusivos. Tu acompa\u00f1ante, gigol\u00f3 y escort en Dortmund.","robots":{"index":"index","follow":"follow","max-snippet":"max-snippet:-1","max-image-preview":"max-image-preview:large","max-video-preview":"max-video-preview:-1"},"canonical":"https:\/\/escortbegleiter.de\/es\/gigolo-de-dortmund\/","og_locale":"es_ES","og_type":"article","og_title":"Callboy Dortmund","og_description":"Callboy Alex in Dortmund genie\u00dft Du eine Begleitung & exklusive Treffen. Dein m\u00e4nnlicher Begleiter, Gigolo und Escort M\u00e4nner in Dortmund","og_url":"https:\/\/escortbegleiter.de\/es\/gigolo-de-dortmund\/","og_site_name":"Escort Mann Alex. Escortbegleiter","article_modified_time":"2025-03-11T12:42:41+00:00","og_image":[{"width":1065,"height":1600,"url":"https:\/\/escortbegleiter.de\/wp-content\/uploads\/2025\/02\/PHOTO-2025-01-08-13-33-21-2.jpeg","type":"image\/jpeg"}],"twitter_misc":{"Tiempo de lectura":"1 minuto"},"schema":{"@context":"https:\/\/schema.org","@graph":[{"@type":"WebPage","@id":"https:\/\/escortbegleiter.de\/callboy-dortmund\/","url":"https:\/\/escortbegleiter.de\/callboy-dortmund\/","name":"Callboy Dortmund \u2013 Su acompa\u00f1ante masculino experimentado","isPartOf":{"@id":"https:\/\/escortbegleiter.de\/#website"},"primaryImageOfPage":{"@id":"https:\/\/escortbegleiter.de\/callboy-dortmund\/#primaryimage"},"image":{"@id":"https:\/\/escortbegleiter.de\/callboy-dortmund\/#primaryimage"},"thumbnailUrl":"https:\/\/escortbegleiter.de\/wp-content\/uploads\/2025\/02\/PHOTO-2025-01-08-13-33-21-2-682x1024.jpeg","datePublished":"2025-02-06T21:32:41+00:00","dateModified":"2025-03-11T12:42:41+00:00","description":"Alex, gigol\u00f3 y acompa\u00f1ante masculino en Dortmund, ofrece compa\u00f1\u00eda y encuentros exclusivos. Tu acompa\u00f1ante, gigol\u00f3 y escort en Dortmund.","breadcrumb":{"@id":"https:\/\/escortbegleiter.de\/callboy-dortmund\/#breadcrumb"},"inLanguage":"es","potentialAction":[{"@type":"ReadAction","target":["https:\/\/escortbegleiter.de\/callboy-dortmund\/"]}]},{"@type":"ImageObject","inLanguage":"es","@id":"https:\/\/escortbegleiter.de\/callboy-dortmund\/#primaryimage","url":"https:\/\/escortbegleiter.de\/wp-content\/uploads\/2025\/02\/PHOTO-2025-01-08-13-33-21-2-682x1024.jpeg","contentUrl":"https:\/\/escortbegleiter.de\/wp-content\/uploads\/2025\/02\/PHOTO-2025-01-08-13-33-21-2-682x1024.jpeg"},{"@type":"BreadcrumbList","@id":"https:\/\/escortbegleiter.de\/callboy-dortmund\/#breadcrumb","itemListElement":[{"@type":"ListItem","position":1,"name":"Startseite","item":"https:\/\/escortbegleiter.de\/"},{"@type":"ListItem","position":2,"name":"Callboy Dortmund"}]},{"@type":"WebSite","@id":"https:\/\/escortbegleiter.de\/#website","url":"https:\/\/escortbegleiter.de\/","name":"Hombre acompa\u00f1ante Alex. Acompa\u00f1ante","description":"","publisher":{"@id":"https:\/\/escortbegleiter.de\/#organization"},"potentialAction":[{"@type":"SearchAction","target":{"@type":"EntryPoint","urlTemplate":"https:\/\/escortbegleiter.de\/?s={search_term_string}"},"query-input":{"@type":"PropertyValueSpecification","valueRequired":true,"valueName":"search_term_string"}}],"inLanguage":"es"},{"@type":"Organization","@id":"https:\/\/escortbegleiter.de\/#organization","name":"Hombre acompa\u00f1ante Alex. Acompa\u00f1ante","url":"https:\/\/escortbegleiter.de\/","logo":{"@type":"ImageObject","inLanguage":"es","@id":"https:\/\/escortbegleiter.de\/#\/schema\/logo\/image\/","url":"https:\/\/escortbegleiter.de\/wp-content\/uploads\/2025\/02\/cropped-callboy-logo.png","contentUrl":"https:\/\/escortbegleiter.de\/wp-content\/uploads\/2025\/02\/cropped-callboy-logo.png","width":512,"height":512,"caption":"Escort Mann Alex. Escortbegleiter"},"image":{"@id":"https:\/\/escortbegleiter.de\/#\/schema\/logo\/image\/"}}]}},"_links":{"self":[{"href":"https:\/\/escortbegleiter.de\/es\/wp-json\/wp\/v2\/pages\/682","targetHints":{"allow":["GET"]}}],"collection":[{"href":"https:\/\/escortbegleiter.de\/es\/wp-json\/wp\/v2\/pages"}],"about":[{"href":"https:\/\/escortbegleiter.de\/es\/wp-json\/wp\/v2\/types\/page"}],"author":[{"embeddable":true,"href":"https:\/\/escortbegleiter.de\/es\/wp-json\/wp\/v2\/users\/2"}],"replies":[{"embeddable":true,"href":"https:\/\/escortbegleiter.de\/es\/wp-json\/wp\/v2\/comments?post=682"}],"version-history":[{"count":10,"href":"https:\/\/escortbegleiter.de\/es\/wp-json\/wp\/v2\/pages\/682\/revisions"}],"predecessor-version":[{"id":1664,"href":"https:\/\/escortbegleiter.de\/es\/wp-json\/wp\/v2\/pages\/682\/revisions\/1664"}],"wp:attachment":[{"href":"https:\/\/escortbegleiter.de\/es\/wp-json\/wp\/v2\/media?parent=682"}],"curies":[{"name":"wp","href":"https:\/\/api.w.org\/{rel}","templated":true}]}}